{"id":1112,"date":"2025-12-10T23:48:55","date_gmt":"2025-12-10T22:48:55","guid":{"rendered":"https:\/\/staging.printura.hr\/?post_type=product&#038;p=1112"},"modified":"2025-12-13T16:01:18","modified_gmt":"2025-12-13T15:01:18","slug":"modlice-voce","status":"publish","type":"product","link":"https:\/\/printura.hr\/en\/product\/modlice-voce\/","title":{"rendered":"Modlice Vo\u0107e"},"content":{"rendered":"<p>Vrijeme kreativne igre upotpunite setom <strong>3D printanih modlica<\/strong> koje mo\u017eete koristiti za razne aktivnosti \u2013 od izrade oblika od plastelina, tijesta i gline do edukativnih igara u kojima djeca u\u010de kroz stvaranje.<\/p>\n<p>Modlice su glatke, lagane i sigurne za dje\u010dje ruke, a zahvaljuju\u0107i preciznoj izradi svaki oblik ostavlja jasne i uredne linije.<\/p>\n<ul>\n<li>Idealne za ku\u0107nu igru, radionice, vrti\u0107e i \u0161kole<\/li>\n<li>Koristive i u razli\u010ditim kreativnim industrijama<\/li>\n<li>Dostupne u dvije dimenzije<\/li>\n<li>Svaki set sadr\u017ei cijelu abecedu s hrvatskim i engleskim znakovima<\/li>\n<\/ul>","protected":false},"excerpt":{"rendered":"<p>Modlice za izradu kreativnih oblika.<\/p>","protected":false},"featured_media":1113,"comment_status":"closed","ping_status":"closed","template":"","meta":{"_uag_custom_page_level_css":"","site-sidebar-layout":"default","site-content-layout":"","ast-site-content-layout":"default","site-content-style":"default","site-sidebar-style":"default","ast-global-header-display":"","ast-banner-title-visibility":"","ast-main-header-display":"","ast-hfb-above-header-display":"","ast-hfb-below-header-display":"","ast-hfb-mobile-header-display":"","site-post-title":"","ast-breadcrumbs-content":"","ast-featured-img":"","footer-sml-layout":"","ast-disable-related-posts":"","theme-transparent-header-meta":"default","adv-header-id-meta":"","stick-header-meta":"default","header-above-stick-meta":"","header-main-stick-meta":"","header-below-stick-meta":"","astra-migrate-meta-layouts":"set","ast-page-background-enabled":"default","ast-page-background-meta":{"desktop":{"background-color":"var(--ast-global-color-5)","background-image":"","background-repeat":"repeat","background-position":"center center","background-size":"auto","background-attachment":"scroll","background-type":"","background-media":"","overlay-type":"","overlay-color":"","overlay-opacity":"","overlay-gradient":""},"tablet":{"background-color":"","background-image":"","background-repeat":"repeat","background-position":"center center","background-size":"auto","background-attachment":"scroll","background-type":"","background-media":"","overlay-type":"","overlay-color":"","overlay-opacity":"","overlay-gradient":""},"mobile":{"background-color":"","background-image":"","background-repeat":"repeat","background-position":"center center","background-size":"auto","background-attachment":"scroll","background-type":"","background-media":"","overlay-type":"","overlay-color":"","overlay-opacity":"","overlay-gradient":""}},"ast-content-background-meta":{"desktop":{"background-color":"var(--ast-global-color-4)","background-image":"","background-repeat":"repeat","background-position":"center center","background-size":"auto","background-attachment":"scroll","background-type":"","background-media":"","overlay-type":"","overlay-color":"","overlay-opacity":"","overlay-gradient":""},"tablet":{"background-color":"var(--ast-global-color-4)","background-image":"","background-repeat":"repeat","background-position":"center center","background-size":"auto","background-attachment":"scroll","background-type":"","background-media":"","overlay-type":"","overlay-color":"","overlay-opacity":"","overlay-gradient":""},"mobile":{"background-color":"var(--ast-global-color-4)","background-image":"","background-repeat":"repeat","background-position":"center center","background-size":"auto","background-attachment":"scroll","background-type":"","background-media":"","overlay-type":"","overlay-color":"","overlay-opacity":"","overlay-gradient":""}}},"product_brand":[],"product_cat":[32],"product_tag":[],"class_list":{"0":"post-1112","1":"product","2":"type-product","3":"status-publish","4":"has-post-thumbnail","6":"product_cat-nekategorizirane","7":"desktop-align-left","8":"tablet-align-left","9":"mobile-align-left","10":"ast-product-gallery-layout-horizontal-slider","11":"ast-product-gallery-with-no-image","12":"ast-product-tabs-layout-horizontal","14":"first","15":"instock","16":"taxable","17":"shipping-taxable","18":"purchasable","19":"product-type-simple"},"exclude_global_add_ons":false,"addons":[{"name":"Boja","type":"multiple_choice","position":1,"required":true,"title_format":"label","default":"","description_enable":false,"description":"","placeholder_enable":false,"placeholder":"","display":"select","restrictions_type":"any_text","adjust_price":false,"price":"","price_type":"flat_fee","restrictions":false,"min":"0","max":"0","options":[{"label":"Bijela","price":"","price_type":"flat_fee","image":0,"visibility":true},{"label":"\u017duta","price":"","price_type":"flat_fee","image":0,"visibility":true},{"label":"Naran\u010dasta","price":"","price_type":"flat_fee","image":0,"visibility":true},{"label":"Ru\u017ei\u010dasta","price":"","price_type":"flat_fee","image":0,"visibility":true},{"label":"Ljubi\u010dasta","price":"","price_type":"flat_fee","image":0,"visibility":true},{"label":"Plava","price":"","price_type":"flat_fee","image":0,"visibility":true},{"label":"Zelena","price":"","price_type":"flat_fee","image":0,"visibility":true},{"label":"Nasumi\u010dna boja","price":"","price_type":"flat_fee","image":0,"visibility":true}],"id":1765409829}],"spectra_custom_meta":{"_sku":["modlice_voce"],"_regular_price":["15"],"total_sales":["1"],"_tax_status":["taxable"],"_tax_class":[""],"_manage_stock":["no"],"_backorders":["no"],"_sold_individually":["no"],"_virtual":["no"],"_downloadable":["no"],"_download_limit":["-1"],"_download_expiry":["-1"],"_thumbnail_id":["1113"],"_stock":[null],"_stock_status":["instock"],"_wc_average_rating":["0"],"_wc_review_count":["0"],"_product_attributes":["a:2:{s:8:\"velicina\";a:6:{s:4:\"name\";s:9:\"Veli\u010dina\";s:5:\"value\";s:21:\"Mali set | Veliki set\";s:8:\"position\";i:0;s:10:\"is_visible\";i:1;s:12:\"is_variation\";i:1;s:11:\"is_taxonomy\";i:0;}s:4:\"boja\";a:6:{s:4:\"name\";s:4:\"Boja\";s:5:\"value\";s:84:\"Bijela | \u017duta | Naran\u010dasta | Ru\u017ei\u010dasta | Ljubi\u010dasta | Plava | Zelena | Svejedno\";s:8:\"position\";i:1;s:10:\"is_visible\";i:1;s:12:\"is_variation\";i:1;s:11:\"is_taxonomy\";i:0;}}"],"_product_version":["10.3.6"],"_price":["15"],"_product_addons":["a:1:{i:0;a:20:{s:4:\"name\";s:4:\"Boja\";s:12:\"title_format\";s:5:\"label\";s:18:\"description_enable\";i:0;s:11:\"description\";s:0:\"\";s:18:\"placeholder_enable\";i:0;s:11:\"placeholder\";s:0:\"\";s:4:\"type\";s:15:\"multiple_choice\";s:7:\"display\";s:6:\"select\";s:8:\"position\";i:1;s:8:\"required\";i:1;s:12:\"restrictions\";i:0;s:17:\"restrictions_type\";s:8:\"any_text\";s:12:\"adjust_price\";i:0;s:10:\"price_type\";s:8:\"flat_fee\";s:5:\"price\";s:0:\"\";s:2:\"id\";s:10:\"1765409829\";s:3:\"min\";i:0;s:3:\"max\";i:0;s:7:\"default\";s:0:\"\";s:7:\"options\";a:8:{i:0;a:5:{s:5:\"label\";s:6:\"Bijela\";s:5:\"price\";s:0:\"\";s:5:\"image\";s:0:\"\";s:10:\"price_type\";s:8:\"flat_fee\";s:10:\"visibility\";i:1;}i:1;a:5:{s:5:\"label\";s:5:\"\u017duta\";s:5:\"price\";s:0:\"\";s:5:\"image\";s:0:\"\";s:10:\"price_type\";s:8:\"flat_fee\";s:10:\"visibility\";i:1;}i:2;a:5:{s:5:\"label\";s:11:\"Naran\u010dasta\";s:5:\"price\";s:0:\"\";s:5:\"image\";s:0:\"\";s:10:\"price_type\";s:8:\"flat_fee\";s:10:\"visibility\";i:1;}i:3;a:5:{s:5:\"label\";s:11:\"Ru\u017ei\u010dasta\";s:5:\"price\";s:0:\"\";s:5:\"image\";s:0:\"\";s:10:\"price_type\";s:8:\"flat_fee\";s:10:\"visibility\";i:1;}i:4;a:5:{s:5:\"label\";s:11:\"Ljubi\u010dasta\";s:5:\"price\";s:0:\"\";s:5:\"image\";s:0:\"\";s:10:\"price_type\";s:8:\"flat_fee\";s:10:\"visibility\";i:1;}i:5;a:5:{s:5:\"label\";s:5:\"Plava\";s:5:\"price\";s:0:\"\";s:5:\"image\";s:0:\"\";s:10:\"price_type\";s:8:\"flat_fee\";s:10:\"visibility\";i:1;}i:6;a:5:{s:5:\"label\";s:6:\"Zelena\";s:5:\"price\";s:0:\"\";s:5:\"image\";s:0:\"\";s:10:\"price_type\";s:8:\"flat_fee\";s:10:\"visibility\";i:1;}i:7;a:5:{s:5:\"label\";s:15:\"Nasumi\u010dna boja\";s:5:\"price\";s:0:\"\";s:5:\"image\";s:0:\"\";s:10:\"price_type\";s:8:\"flat_fee\";s:10:\"visibility\";i:1;}}}}"],"_product_addons_exclude_global":["0"],"cmplz_hide_cookiebanner":[""],"site-sidebar-layout":["default"],"ast-site-content-layout":["default"],"site-content-style":["default"],"site-sidebar-style":["default"],"theme-transparent-header-meta":["default"],"stick-header-meta":["default"],"_edit_lock":["1765638078:1"],"_edit_last":["1"],"astra-migrate-meta-layouts":["set"],"_wp_old_slug":["moldice-voce"],"_uag_page_assets":["a:9:{s:3:\"css\";s:0:\"\";s:2:\"js\";s:0:\"\";s:18:\"current_block_list\";a:10:{i:0;s:11:\"core\/search\";i:1;s:10:\"core\/group\";i:2;s:12:\"core\/heading\";i:3;s:17:\"core\/latest-posts\";i:4;s:20:\"core\/latest-comments\";i:5;s:13:\"core\/archives\";i:6;s:15:\"core\/categories\";i:7;s:14:\"core\/paragraph\";i:8;s:10:\"core\/image\";i:9;s:21:\"woocommerce\/mini-cart\";}s:8:\"uag_flag\";b:0;s:11:\"uag_version\";s:10:\"1775108910\";s:6:\"gfonts\";a:0:{}s:10:\"gfonts_url\";s:0:\"\";s:12:\"gfonts_files\";a:0:{}s:14:\"uag_faq_layout\";b:0;}"]},"uagb_featured_image_src":{"full":["https:\/\/printura.hr\/wp-content\/uploads\/2025\/12\/moldice_voce.webp",1024,1024,false],"thumbnail":["https:\/\/printura.hr\/wp-content\/uploads\/2025\/12\/moldice_voce-150x150.webp",150,150,true],"medium":["https:\/\/printura.hr\/wp-content\/uploads\/2025\/12\/moldice_voce-300x300.webp",300,300,true],"medium_large":["https:\/\/printura.hr\/wp-content\/uploads\/2025\/12\/moldice_voce-768x768.webp",768,768,true],"large":["https:\/\/printura.hr\/wp-content\/uploads\/2025\/12\/moldice_voce.webp",1024,1024,false],"1536x1536":["https:\/\/printura.hr\/wp-content\/uploads\/2025\/12\/moldice_voce.webp",1024,1024,false],"2048x2048":["https:\/\/printura.hr\/wp-content\/uploads\/2025\/12\/moldice_voce.webp",1024,1024,false],"trp-custom-language-flag":["https:\/\/printura.hr\/wp-content\/uploads\/2025\/12\/moldice_voce-12x12.webp",12,12,true],"woocommerce_thumbnail":["https:\/\/printura.hr\/wp-content\/uploads\/2025\/12\/moldice_voce-300x300.webp",300,300,true],"woocommerce_single":["https:\/\/printura.hr\/wp-content\/uploads\/2025\/12\/moldice_voce-600x600.webp",600,600,true],"woocommerce_gallery_thumbnail":["https:\/\/printura.hr\/wp-content\/uploads\/2025\/12\/moldice_voce-100x100.webp",100,100,true]},"uagb_author_info":{"display_name":"fran","author_link":"https:\/\/printura.hr\/en\/author\/"},"uagb_comment_info":0,"uagb_excerpt":"Modlice za izradu kreativnih oblika.","_links":{"self":[{"href":"https:\/\/printura.hr\/en\/wp-json\/wp\/v2\/product\/1112","targetHints":{"allow":["GET"]}}],"collection":[{"href":"https:\/\/printura.hr\/en\/wp-json\/wp\/v2\/product"}],"about":[{"href":"https:\/\/printura.hr\/en\/wp-json\/wp\/v2\/types\/product"}],"replies":[{"embeddable":true,"href":"https:\/\/printura.hr\/en\/wp-json\/wp\/v2\/comments?post=1112"}],"wp:featuredmedia":[{"embeddable":true,"href":"https:\/\/printura.hr\/en\/wp-json\/wp\/v2\/media\/1113"}],"wp:attachment":[{"href":"https:\/\/printura.hr\/en\/wp-json\/wp\/v2\/media?parent=1112"}],"wp:term":[{"taxonomy":"product_brand","embeddable":true,"href":"https:\/\/printura.hr\/en\/wp-json\/wp\/v2\/product_brand?post=1112"},{"taxonomy":"product_cat","embeddable":true,"href":"https:\/\/printura.hr\/en\/wp-json\/wp\/v2\/product_cat?post=1112"},{"taxonomy":"product_tag","embeddable":true,"href":"https:\/\/printura.hr\/en\/wp-json\/wp\/v2\/product_tag?post=1112"}],"curies":[{"name":"wp","href":"https:\/\/api.w.org\/{rel}","templated":true}]}}